{"id":116,"date":"2014-10-02T19:43:30","date_gmt":"2014-10-02T19:43:30","guid":{"rendered":"http:\/\/bytingshop.se\/?page_id=116"},"modified":"2014-10-07T19:48:28","modified_gmt":"2014-10-07T17:48:28","slug":"kopvillkor","status":"publish","type":"page","link":"https:\/\/bytingshop.se\/?page_id=116","title":{"rendered":"K\u00f6pvillkor"},"content":{"rendered":"<p>Du m\u00e5ste vara \u00f6ver 18 \u00e5r f\u00f6r att handla hos oss!<\/p>\n<p><b>Priser<\/b><\/p>\n<p>Alla priser anges inklusive moms (25%).<\/p>\n<p><b>Frakt och leverans<\/b><\/p>\n<p>Fraktkostnad \u00e4r 60 kr per order och skickas med Posten. F\u00f6r n\u00e4rvarande skickar vi bara inom Sverige. Varor i lager skickas normalt inom 1-3 arbetsdagar.\u00a0Best\u00e4llningsvaror (barnkl\u00e4der och vantar) skickas inom 14 dagar.<\/p>\n<p><b>Betalning<\/b><\/p>\n<p>Vi accepterar betalning via Bankgiro: 209-4258, \u00a0och SWISH: 1232907319.\u00a0Betalningarna skall vid b\u00e5da typer av betalning m\u00e4rkas med f\u00f6r- och efternamn.<\/p>\n<p><b>Returer och byten<\/b><\/p>\n<p>Du har fr\u00e5n det att du mottagit varan retur- och bytesr\u00e4tt i 14 dagar. Varan m\u00e5ste returneras i oskadat skick och vara helt oanv\u00e4nd. Vid retur eller byte av varor st\u00e5r du f\u00f6r fraktkostnaden. Om du vill byta eller returnera en vara skall du kontakta oss p\u00e5 ingrid.byting@gmail.com f\u00f6r information om hur du skall g\u00e5 till v\u00e4ga.<\/p>\n","protected":false},"excerpt":{"rendered":"<p>Du m\u00e5ste vara \u00f6ver 18 \u00e5r f\u00f6r att handla hos oss! Priser Alla priser anges inklusive moms (25%). Frakt och leverans Fraktkostnad \u00e4r 60 kr per order och skickas med Posten. F\u00f6r n\u00e4rvarande skickar vi bara inom Sverige. Varor i lager skickas normalt inom 1-3 arbetsdagar.\u00a0Best\u00e4llningsvaror (barnkl\u00e4der och vantar) skickas inom 14 dagar. Betalning Vi [&hellip;]<\/p>\n","protected":false},"author":1,"featured_media":0,"parent":0,"menu_order":0,"comment_status":"open","ping_status":"open","template":"","meta":{"footnotes":""},"class_list":["post-116","page","type-page","status-publish","hentry"],"jetpack_sharing_enabled":true,"_links":{"self":[{"href":"https:\/\/bytingshop.se\/index.php?rest_route=\/wp\/v2\/pages\/116","targetHints":{"allow":["GET"]}}],"collection":[{"href":"https:\/\/bytingshop.se\/index.php?rest_route=\/wp\/v2\/pages"}],"about":[{"href":"https:\/\/bytingshop.se\/index.php?rest_route=\/wp\/v2\/types\/page"}],"author":[{"embeddable":true,"href":"https:\/\/bytingshop.se\/index.php?rest_route=\/wp\/v2\/users\/1"}],"replies":[{"embeddable":true,"href":"https:\/\/bytingshop.se\/index.php?rest_route=%2Fwp%2Fv2%2Fcomments&post=116"}],"version-history":[{"count":3,"href":"https:\/\/bytingshop.se\/index.php?rest_route=\/wp\/v2\/pages\/116\/revisions"}],"predecessor-version":[{"id":353,"href":"https:\/\/bytingshop.se\/index.php?rest_route=\/wp\/v2\/pages\/116\/revisions\/353"}],"wp:attachment":[{"href":"https:\/\/bytingshop.se\/index.php?rest_route=%2Fwp%2Fv2%2Fmedia&parent=116"}],"curies":[{"name":"wp","href":"https:\/\/api.w.org\/{rel}","templated":true}]}}