{"id":182,"date":"2014-10-04T15:34:38","date_gmt":"2014-10-04T13:34:38","guid":{"rendered":"http:\/\/bytingshop.se\/?page_id=182"},"modified":"2026-02-22T17:58:50","modified_gmt":"2026-02-22T15:58:50","slug":"valkommen-till-var-webshop","status":"publish","type":"page","link":"https:\/\/bytingshop.se\/","title":{"rendered":"V\u00e4lkommen till By Ting Design!"},"content":{"rendered":"\n<p class=\"has-medium-font-size\"><strong>\u00d6ppet i butiken p\u00e5 tisdagar kl. 18-20, varmt v\u00e4lkomna.<\/strong><\/p>\n\n\n\n<p>OBS, st\u00e4ngt 24 februari pga SeniorExpo, v\u00e4lkommen dit ist\u00e4llet! 25 &#8211; 26 februari \u00e4r vi med p\u00e5 SeniorExpo p\u00e5 Folkets Hus i \u00d6stersund. Vi visar och s\u00e4ljer garn, stickset mm.<\/p>\n\n\n\n<p><mark><a href=\"https:\/\/www.google.com\/search?q=SeniorExpo+2026&amp;rlz=1C1GCEA_enSE1193SE1193&amp;oq=senior&amp;gs_lcrp=EgZjaHJvbWUqCAgAEEUYJxg7MggIABBFGCcYOzIMCAEQRRg5GLEDGIAEMg0IAhAAGIMBGLEDGIAEMgcIAxAAGIAEMg0IBBAAGIMBGLEDGIAEMgcIBRAAGIAEMg0IBhAuGMcBGNEDGIAEMgoIBxAAGLEDGIAEMgcICBAAGIAEMgcICRAAGIAE0gEIMTQ5MmowajeoAgCwAgA&amp;sourceid=chrome&amp;ie=UTF-8&amp;ved=2ahUKEwiEsvyjsb2SAxU6TVUIHRxOAJYQgK4QegQIARAC\">SeniorExpo 2026<\/a>&nbsp;arrangeras p\u00e5 Folkets Hus i \u00d6stersund den 25\u201326 februari, kl. 10.00\u201316.00 b\u00e5da dagarna med fri entr\u00e9<\/mark>. M\u00e4ssan fokuserar p\u00e5 h\u00e4lsa, trygghet och livskvalitet f\u00f6r seniorer och erbjuder utst\u00e4llare, f\u00f6rel\u00e4sningar och underh\u00e5llning.&nbsp;<\/p>\n\n\n\n<p><\/p>\n\n\n\n<figure class=\"wp-block-gallery has-nested-images columns-default is-cropped wp-block-gallery-1 is-layout-flex wp-block-gallery-is-layout-flex\">\n<figure class=\"wp-block-image size-large\"><a href=\"https:\/\/i0.wp.com\/bytingshop.se\/wp-content\/uploads\/2023\/05\/thumbnail_IMG_6099.jpg?ssl=1\"><img data-recalc-dims=\"1\" loading=\"lazy\" decoding=\"async\" width=\"481\" height=\"640\" data-id=\"2592\" src=\"https:\/\/i0.wp.com\/bytingshop.se\/wp-content\/uploads\/2023\/05\/thumbnail_IMG_6099.jpg?resize=481%2C640&#038;ssl=1\" alt=\"\" class=\"wp-image-2592\" srcset=\"https:\/\/i0.wp.com\/bytingshop.se\/wp-content\/uploads\/2023\/05\/thumbnail_IMG_6099.jpg?w=481&amp;ssl=1 481w, https:\/\/i0.wp.com\/bytingshop.se\/wp-content\/uploads\/2023\/05\/thumbnail_IMG_6099.jpg?resize=225%2C300&amp;ssl=1 225w, https:\/\/i0.wp.com\/bytingshop.se\/wp-content\/uploads\/2023\/05\/thumbnail_IMG_6099.jpg?resize=324%2C431&amp;ssl=1 324w, https:\/\/i0.wp.com\/bytingshop.se\/wp-content\/uploads\/2023\/05\/thumbnail_IMG_6099.jpg?resize=416%2C554&amp;ssl=1 416w\" sizes=\"auto, (max-width: 481px) 100vw, 481px\" \/><\/a><\/figure>\n\n\n\n<figure class=\"wp-block-image size-large\"><a href=\"https:\/\/i0.wp.com\/bytingshop.se\/wp-content\/uploads\/2023\/05\/thumbnail_IMG_6122-rotated.jpg?ssl=1\"><img data-recalc-dims=\"1\" loading=\"lazy\" decoding=\"async\" width=\"480\" height=\"640\" data-id=\"2591\" src=\"https:\/\/i0.wp.com\/bytingshop.se\/wp-content\/uploads\/2023\/05\/thumbnail_IMG_6122-rotated.jpg?resize=480%2C640&#038;ssl=1\" alt=\"\" class=\"wp-image-2591\" srcset=\"https:\/\/i0.wp.com\/bytingshop.se\/wp-content\/uploads\/2023\/05\/thumbnail_IMG_6122-rotated.jpg?w=480&amp;ssl=1 480w, https:\/\/i0.wp.com\/bytingshop.se\/wp-content\/uploads\/2023\/05\/thumbnail_IMG_6122-rotated.jpg?resize=225%2C300&amp;ssl=1 225w, https:\/\/i0.wp.com\/bytingshop.se\/wp-content\/uploads\/2023\/05\/thumbnail_IMG_6122-rotated.jpg?resize=324%2C432&amp;ssl=1 324w, https:\/\/i0.wp.com\/bytingshop.se\/wp-content\/uploads\/2023\/05\/thumbnail_IMG_6122-rotated.jpg?resize=416%2C555&amp;ssl=1 416w\" sizes=\"auto, (max-width: 480px) 100vw, 480px\" \/><\/a><\/figure>\n<\/figure>\n\n\n<div class=\"wp-block-image\">\n<figure class=\"alignright size-large is-resized\"><a href=\"https:\/\/i0.wp.com\/bytingshop.se\/wp-content\/uploads\/2023\/03\/E3CFEFC8-B5E6-46D8-B9A5-B069D9BAC311.jpeg?ssl=1\"><img data-recalc-dims=\"1\" loading=\"lazy\" decoding=\"async\" width=\"768\" height=\"1024\" src=\"https:\/\/i0.wp.com\/bytingshop.se\/wp-content\/uploads\/2023\/03\/E3CFEFC8-B5E6-46D8-B9A5-B069D9BAC311.jpeg?resize=768%2C1024&#038;ssl=1\" alt=\"\" class=\"wp-image-2566\" style=\"width:277px;height:369px\" srcset=\"https:\/\/i0.wp.com\/bytingshop.se\/wp-content\/uploads\/2023\/03\/E3CFEFC8-B5E6-46D8-B9A5-B069D9BAC311.jpeg?resize=768%2C1025&amp;ssl=1 768w, https:\/\/i0.wp.com\/bytingshop.se\/wp-content\/uploads\/2023\/03\/E3CFEFC8-B5E6-46D8-B9A5-B069D9BAC311.jpeg?resize=225%2C300&amp;ssl=1 225w, https:\/\/i0.wp.com\/bytingshop.se\/wp-content\/uploads\/2023\/03\/E3CFEFC8-B5E6-46D8-B9A5-B069D9BAC311.jpeg?resize=1151%2C1536&amp;ssl=1 1151w, https:\/\/i0.wp.com\/bytingshop.se\/wp-content\/uploads\/2023\/03\/E3CFEFC8-B5E6-46D8-B9A5-B069D9BAC311.jpeg?resize=1535%2C2048&amp;ssl=1 1535w, https:\/\/i0.wp.com\/bytingshop.se\/wp-content\/uploads\/2023\/03\/E3CFEFC8-B5E6-46D8-B9A5-B069D9BAC311.jpeg?resize=324%2C432&amp;ssl=1 324w, https:\/\/i0.wp.com\/bytingshop.se\/wp-content\/uploads\/2023\/03\/E3CFEFC8-B5E6-46D8-B9A5-B069D9BAC311.jpeg?resize=416%2C555&amp;ssl=1 416w, https:\/\/i0.wp.com\/bytingshop.se\/wp-content\/uploads\/2023\/03\/E3CFEFC8-B5E6-46D8-B9A5-B069D9BAC311.jpeg?w=1874&amp;ssl=1 1874w\" sizes=\"auto, (max-width: 768px) 100vw, 768px\" \/><\/a><\/figure>\n<\/div>\n\n\n<p><strong>NYHETER<\/strong><\/p>\n\n\n\n<p>Nu finns Rauma Fivel i butiken! Rauma Fivel \u00e4r ett 2-tr\u00e5digt ullgarn (100% norsk ull) som \u00e4r lite l\u00f6sare spunnet och d\u00e4rmed ger luftiga, l\u00e4tta plagg. <\/p>\n\n\n<div class=\"wp-block-image\">\n<figure class=\"alignleft size-large is-resized\"><a href=\"https:\/\/i0.wp.com\/bytingshop.se\/wp-content\/uploads\/2021\/05\/thumbnail_E5F7652E-B652-4ADA-A251-16419D7D0CB1.jpg?ssl=1\"><img data-recalc-dims=\"1\" loading=\"lazy\" decoding=\"async\" width=\"980\" height=\"980\" src=\"https:\/\/i0.wp.com\/bytingshop.se\/wp-content\/uploads\/2021\/05\/thumbnail_E5F7652E-B652-4ADA-A251-16419D7D0CB1.jpg?resize=980%2C980&#038;ssl=1\" alt=\"\" class=\"wp-image-1830\" style=\"width:321px;height:321px\" srcset=\"https:\/\/i0.wp.com\/bytingshop.se\/wp-content\/uploads\/2021\/05\/thumbnail_E5F7652E-B652-4ADA-A251-16419D7D0CB1.jpg?resize=1024%2C1024&amp;ssl=1 1024w, https:\/\/i0.wp.com\/bytingshop.se\/wp-content\/uploads\/2021\/05\/thumbnail_E5F7652E-B652-4ADA-A251-16419D7D0CB1.jpg?resize=324%2C324&amp;ssl=1 324w, https:\/\/i0.wp.com\/bytingshop.se\/wp-content\/uploads\/2021\/05\/thumbnail_E5F7652E-B652-4ADA-A251-16419D7D0CB1.jpg?resize=100%2C100&amp;ssl=1 100w, https:\/\/i0.wp.com\/bytingshop.se\/wp-content\/uploads\/2021\/05\/thumbnail_E5F7652E-B652-4ADA-A251-16419D7D0CB1.jpg?resize=416%2C416&amp;ssl=1 416w, https:\/\/i0.wp.com\/bytingshop.se\/wp-content\/uploads\/2021\/05\/thumbnail_E5F7652E-B652-4ADA-A251-16419D7D0CB1.jpg?resize=300%2C300&amp;ssl=1 300w, https:\/\/i0.wp.com\/bytingshop.se\/wp-content\/uploads\/2021\/05\/thumbnail_E5F7652E-B652-4ADA-A251-16419D7D0CB1.jpg?resize=150%2C150&amp;ssl=1 150w, https:\/\/i0.wp.com\/bytingshop.se\/wp-content\/uploads\/2021\/05\/thumbnail_E5F7652E-B652-4ADA-A251-16419D7D0CB1.jpg?resize=768%2C768&amp;ssl=1 768w, https:\/\/i0.wp.com\/bytingshop.se\/wp-content\/uploads\/2021\/05\/thumbnail_E5F7652E-B652-4ADA-A251-16419D7D0CB1.jpg?w=1280&amp;ssl=1 1280w\" sizes=\"auto, (max-width: 980px) 100vw, 980px\" \/><\/a><figcaption class=\"wp-element-caption\">F\u00f6lj By Ting Design p\u00e5 <a href=\"https:\/\/www.facebook.com\/bytingshop\">Facebook<\/a> &#8211; <a href=\"https:\/\/www.instagram.com\/bytingdesign\/\">Instagram<\/a><\/figcaption><\/figure>\n<\/div>\n\n\n<h2 class=\"wp-block-heading\"><\/h2>\n","protected":false},"excerpt":{"rendered":"<p>\u00d6ppet i butiken p\u00e5 tisdagar kl. 18-20, varmt v\u00e4lkomna. OBS, st\u00e4ngt 24 februari pga SeniorExpo, v\u00e4lkommen dit ist\u00e4llet! 25 &#8211; 26 februari \u00e4r vi med p\u00e5 SeniorExpo p\u00e5 Folkets Hus i \u00d6stersund. Vi visar och s\u00e4ljer garn, stickset mm. SeniorExpo 2026&nbsp;arrangeras p\u00e5 Folkets Hus i \u00d6stersund den 25\u201326 februari, kl. 10.00\u201316.00 b\u00e5da dagarna med fri [&hellip;]<\/p>\n","protected":false},"author":1,"featured_media":0,"parent":0,"menu_order":0,"comment_status":"closed","ping_status":"closed","template":"template-homepage.php","meta":{"footnotes":""},"class_list":["post-182","page","type-page","status-publish","hentry"],"jetpack_sharing_enabled":true,"_links":{"self":[{"href":"https:\/\/bytingshop.se\/index.php?rest_route=\/wp\/v2\/pages\/182","targetHints":{"allow":["GET"]}}],"collection":[{"href":"https:\/\/bytingshop.se\/index.php?rest_route=\/wp\/v2\/pages"}],"about":[{"href":"https:\/\/bytingshop.se\/index.php?rest_route=\/wp\/v2\/types\/page"}],"author":[{"embeddable":true,"href":"https:\/\/bytingshop.se\/index.php?rest_route=\/wp\/v2\/users\/1"}],"replies":[{"embeddable":true,"href":"https:\/\/bytingshop.se\/index.php?rest_route=%2Fwp%2Fv2%2Fcomments&post=182"}],"version-history":[{"count":77,"href":"https:\/\/bytingshop.se\/index.php?rest_route=\/wp\/v2\/pages\/182\/revisions"}],"predecessor-version":[{"id":2700,"href":"https:\/\/bytingshop.se\/index.php?rest_route=\/wp\/v2\/pages\/182\/revisions\/2700"}],"wp:attachment":[{"href":"https:\/\/bytingshop.se\/index.php?rest_route=%2Fwp%2Fv2%2Fmedia&parent=182"}],"curies":[{"name":"wp","href":"https:\/\/api.w.org\/{rel}","templated":true}]}}