{"id":4,"date":"2014-10-01T14:34:02","date_gmt":"2014-10-01T14:34:02","guid":{"rendered":"http:\/\/bytingshop.se\/?page_id=4"},"modified":"2017-08-12T11:45:26","modified_gmt":"2017-08-12T09:45:26","slug":"shop","status":"publish","type":"page","link":"https:\/\/bytingshop.se\/?page_id=4","title":{"rendered":"Om By Ting"},"content":{"rendered":"<p>Jag som driver By Ting heter Ingrid och \u00e4r en utbildad textill\u00e4rare som \u00e4lskar tyg och garner. De tyger och garner jag arbetar med \u00e4r av h\u00f6gsta kvalitet. Jag designar och syr barnkl\u00e4der av trik\u00e5serien Arvid &amp; Olov och Paapii design.<\/p>\n<p>Jag \u00e4r \u00e5terf\u00f6rs\u00e4ljare av Rauma garn!<\/p>\n<p>F\u00f6rutom webshopen har jag \u00e4ven en fysisk butik p\u00e5 Fr\u00f6s\u00f6n, d\u00e4r jag har \u00f6ppet en kv\u00e4ll i veckan. Jag anordnar \u00e4ven inspirationskv\u00e4llar d\u00e4r man \u00e4r v\u00e4lkommen att\u00a0titta p\u00e5 garnerna och stick\/virkbeskrivningar fr\u00e5n Rauma. Om du\/ni \u00e4r intresserade av att komma, samla g\u00e4rna ihop ett g\u00e4ng och h\u00f6r av er till ingrid.byting@gmail.com f\u00f6r att boka!<\/p>\n<p>&nbsp;<\/p>\n<p>&nbsp;<\/p>\n<p>&nbsp;<\/p>\n<p>&nbsp;<\/p>\n","protected":false},"excerpt":{"rendered":"<p>Jag som driver By Ting heter Ingrid och \u00e4r en utbildad textill\u00e4rare som \u00e4lskar tyg och garner. De tyger och garner jag arbetar med \u00e4r av h\u00f6gsta kvalitet. Jag designar och syr barnkl\u00e4der av trik\u00e5serien Arvid &amp; Olov och Paapii design. Jag \u00e4r \u00e5terf\u00f6rs\u00e4ljare av Rauma garn! F\u00f6rutom webshopen har jag \u00e4ven en fysisk butik [&hellip;]<\/p>\n","protected":false},"author":1,"featured_media":0,"parent":0,"menu_order":0,"comment_status":"closed","ping_status":"closed","template":"","meta":{"footnotes":""},"class_list":["post-4","page","type-page","status-publish","hentry"],"jetpack_sharing_enabled":true,"_links":{"self":[{"href":"https:\/\/bytingshop.se\/index.php?rest_route=\/wp\/v2\/pages\/4","targetHints":{"allow":["GET"]}}],"collection":[{"href":"https:\/\/bytingshop.se\/index.php?rest_route=\/wp\/v2\/pages"}],"about":[{"href":"https:\/\/bytingshop.se\/index.php?rest_route=\/wp\/v2\/types\/page"}],"author":[{"embeddable":true,"href":"https:\/\/bytingshop.se\/index.php?rest_route=\/wp\/v2\/users\/1"}],"replies":[{"embeddable":true,"href":"https:\/\/bytingshop.se\/index.php?rest_route=%2Fwp%2Fv2%2Fcomments&post=4"}],"version-history":[{"count":9,"href":"https:\/\/bytingshop.se\/index.php?rest_route=\/wp\/v2\/pages\/4\/revisions"}],"predecessor-version":[{"id":1413,"href":"https:\/\/bytingshop.se\/index.php?rest_route=\/wp\/v2\/pages\/4\/revisions\/1413"}],"wp:attachment":[{"href":"https:\/\/bytingshop.se\/index.php?rest_route=%2Fwp%2Fv2%2Fmedia&parent=4"}],"curies":[{"name":"wp","href":"https:\/\/api.w.org\/{rel}","templated":true}]}}