{"id":1425,"date":"2017-08-20T16:58:33","date_gmt":"2017-08-20T14:58:33","guid":{"rendered":"http:\/\/bytingshop.se\/?post_type=product&#038;p=1425"},"modified":"2017-08-20T17:02:03","modified_gmt":"2017-08-20T15:02:03","slug":"anglavante-barn","status":"publish","type":"product","link":"https:\/\/bytingshop.se\/?product=anglavante-barn","title":{"rendered":"\u00c4nglavante barn"},"content":{"rendered":"<p>Stickset inneh\u00e5llande garn, beskrivning och stickor.<\/p>\n<p>Vantarna stickas med Rauma finull.<\/p>\n<p>Ett set r\u00e4cker till tv\u00e5 par barnvantar!<\/p>\n","protected":false},"excerpt":{"rendered":"<p>Stickset inneh\u00e5llande garn, beskrivning och stickor. Vantarna stickas med Rauma finull. Ett set r\u00e4cker till tv\u00e5 par barnvantar!<\/p>\n","protected":false},"featured_media":1419,"comment_status":"closed","ping_status":"closed","template":"","meta":[],"product_brand":[],"product_cat":[45],"product_tag":[],"class_list":{"0":"post-1425","1":"product","2":"type-product","3":"status-publish","4":"has-post-thumbnail","6":"product_cat-stickset","8":"first","9":"instock","10":"shipping-taxable","11":"purchasable","12":"product-type-simple"},"jetpack_sharing_enabled":true,"_links":{"self":[{"href":"https:\/\/bytingshop.se\/index.php?rest_route=\/wp\/v2\/product\/1425","targetHints":{"allow":["GET"]}}],"collection":[{"href":"https:\/\/bytingshop.se\/index.php?rest_route=\/wp\/v2\/product"}],"about":[{"href":"https:\/\/bytingshop.se\/index.php?rest_route=\/wp\/v2\/types\/product"}],"replies":[{"embeddable":true,"href":"https:\/\/bytingshop.se\/index.php?rest_route=%2Fwp%2Fv2%2Fcomments&post=1425"}],"wp:featuredmedia":[{"embeddable":true,"href":"https:\/\/bytingshop.se\/index.php?rest_route=\/wp\/v2\/media\/1419"}],"wp:attachment":[{"href":"https:\/\/bytingshop.se\/index.php?rest_route=%2Fwp%2Fv2%2Fmedia&parent=1425"}],"wp:term":[{"taxonomy":"product_brand","embeddable":true,"href":"https:\/\/bytingshop.se\/index.php?rest_route=%2Fwp%2Fv2%2Fproduct_brand&post=1425"},{"taxonomy":"product_cat","embeddable":true,"href":"https:\/\/bytingshop.se\/index.php?rest_route=%2Fwp%2Fv2%2Fproduct_cat&post=1425"},{"taxonomy":"product_tag","embeddable":true,"href":"https:\/\/bytingshop.se\/index.php?rest_route=%2Fwp%2Fv2%2Fproduct_tag&post=1425"}],"curies":[{"name":"wp","href":"https:\/\/api.w.org\/{rel}","templated":true}]}}