{"id":1514,"date":"2018-09-21T15:28:41","date_gmt":"2018-09-21T13:28:41","guid":{"rendered":"http:\/\/bytingshop.se\/?product=langarmad-tunika-siiri-gul-2"},"modified":"2023-10-04T09:06:37","modified_gmt":"2023-10-04T07:06:37","slug":"langarmad-tunika-siiri-gul-2","status":"publish","type":"product","link":"https:\/\/bytingshop.se\/?product=langarmad-tunika-siiri-gul-2","title":{"rendered":"L\u00e5ng\u00e4rmad tunika, Siiri gul"},"content":{"rendered":"<p>Tunika med\u00a0mudd i \u00e4rmslut och halskant.<\/p>\n<p>Sydd i trik\u00e5tyg, 95% bomull och 5% elastan. Tv\u00e4tt 40 grader.<\/p>\n<p>Observera att kl\u00e4derna sys upp p\u00e5 best\u00e4llning varp\u00e5 leveranstiden \u00e4r 2 veckor!<\/p>\n","protected":false},"excerpt":{"rendered":"<p>Tunika med\u00a0mudd i \u00e4rmslut och halskant. Sydd i trik\u00e5tyg, 95% bomull och 5% elastan. Tv\u00e4tt 40 grader. Observera att kl\u00e4derna sys upp p\u00e5 best\u00e4llning varp\u00e5 leveranstiden \u00e4r 2 veckor!<\/p>\n","protected":false},"featured_media":1759,"comment_status":"closed","ping_status":"closed","template":"","meta":[],"product_brand":[],"product_cat":[10,63],"product_tag":[],"class_list":{"0":"post-1514","1":"product","2":"type-product","3":"status-publish","4":"has-post-thumbnail","6":"product_cat-barnklader","7":"product_cat-tunikor","8":"pa_storlek-110-116-cl","9":"pa_storlek-122128-cl","10":"pa_storlek-134-140-cl","11":"pa_storlek-86-92-cl","12":"pa_storlek-98-104-cl","14":"first","15":"instock","16":"shipping-taxable","17":"purchasable","18":"product-type-variable"},"jetpack_sharing_enabled":true,"_links":{"self":[{"href":"https:\/\/bytingshop.se\/index.php?rest_route=\/wp\/v2\/product\/1514","targetHints":{"allow":["GET"]}}],"collection":[{"href":"https:\/\/bytingshop.se\/index.php?rest_route=\/wp\/v2\/product"}],"about":[{"href":"https:\/\/bytingshop.se\/index.php?rest_route=\/wp\/v2\/types\/product"}],"replies":[{"embeddable":true,"href":"https:\/\/bytingshop.se\/index.php?rest_route=%2Fwp%2Fv2%2Fcomments&post=1514"}],"wp:featuredmedia":[{"embeddable":true,"href":"https:\/\/bytingshop.se\/index.php?rest_route=\/wp\/v2\/media\/1759"}],"wp:attachment":[{"href":"https:\/\/bytingshop.se\/index.php?rest_route=%2Fwp%2Fv2%2Fmedia&parent=1514"}],"wp:term":[{"taxonomy":"product_brand","embeddable":true,"href":"https:\/\/bytingshop.se\/index.php?rest_route=%2Fwp%2Fv2%2Fproduct_brand&post=1514"},{"taxonomy":"product_cat","embeddable":true,"href":"https:\/\/bytingshop.se\/index.php?rest_route=%2Fwp%2Fv2%2Fproduct_cat&post=1514"},{"taxonomy":"product_tag","embeddable":true,"href":"https:\/\/bytingshop.se\/index.php?rest_route=%2Fwp%2Fv2%2Fproduct_tag&post=1514"}],"curies":[{"name":"wp","href":"https:\/\/api.w.org\/{rel}","templated":true}]}}