{"id":1712,"date":"2021-01-27T21:22:30","date_gmt":"2021-01-27T19:22:30","guid":{"rendered":"http:\/\/bytingshop.se\/?post_type=product&#038;p=1712"},"modified":"2025-02-10T09:26:38","modified_gmt":"2025-02-10T07:26:38","slug":"rauma-finull-mork-ljung-470","status":"publish","type":"product","link":"https:\/\/bytingshop.se\/?product=rauma-finull-mork-ljung-470","title":{"rendered":"M\u00f6rk ljung 470"},"content":{"rendered":"<p>Rauma Finullgarn \u00e4r ett tv\u00e5tr\u00e5digt l\u00e4tt ullgarn (100% ren ny ull) som passar utm\u00e4rkt till all slags stickning och virkning. L\u00e4mpar sig \u00e4ven f\u00f6r tovning.<\/p>\n<p>Ett nystan v\u00e4ger 50 gram (175 meter). Stickor 2\u00bd- 3. Stickfasthet 26\/10. Handtv\u00e4tt.<\/p>\n<p>&nbsp;<\/p>\n","protected":false},"excerpt":{"rendered":"<p>Rauma Finullgarn \u00e4r ett tv\u00e5tr\u00e5digt l\u00e4tt ullgarn (100% ren ny ull) som passar utm\u00e4rkt till all slags stickning och virkning. L\u00e4mpar sig \u00e4ven f\u00f6r tovning. Ett nystan v\u00e4ger 50 gram (175 meter). Stickor 2\u00bd- 3. Stickfasthet 26\/10. Handtv\u00e4tt. &nbsp;<\/p>\n","protected":false},"featured_media":2031,"comment_status":"closed","ping_status":"closed","template":"","meta":[],"product_brand":[],"product_cat":[6],"product_tag":[],"class_list":{"0":"post-1712","1":"product","2":"type-product","3":"status-publish","4":"has-post-thumbnail","6":"product_cat-finull","8":"first","9":"instock","10":"shipping-taxable","11":"purchasable","12":"product-type-simple"},"jetpack_sharing_enabled":true,"_links":{"self":[{"href":"https:\/\/bytingshop.se\/index.php?rest_route=\/wp\/v2\/product\/1712","targetHints":{"allow":["GET"]}}],"collection":[{"href":"https:\/\/bytingshop.se\/index.php?rest_route=\/wp\/v2\/product"}],"about":[{"href":"https:\/\/bytingshop.se\/index.php?rest_route=\/wp\/v2\/types\/product"}],"replies":[{"embeddable":true,"href":"https:\/\/bytingshop.se\/index.php?rest_route=%2Fwp%2Fv2%2Fcomments&post=1712"}],"wp:featuredmedia":[{"embeddable":true,"href":"https:\/\/bytingshop.se\/index.php?rest_route=\/wp\/v2\/media\/2031"}],"wp:attachment":[{"href":"https:\/\/bytingshop.se\/index.php?rest_route=%2Fwp%2Fv2%2Fmedia&parent=1712"}],"wp:term":[{"taxonomy":"product_brand","embeddable":true,"href":"https:\/\/bytingshop.se\/index.php?rest_route=%2Fwp%2Fv2%2Fproduct_brand&post=1712"},{"taxonomy":"product_cat","embeddable":true,"href":"https:\/\/bytingshop.se\/index.php?rest_route=%2Fwp%2Fv2%2Fproduct_cat&post=1712"},{"taxonomy":"product_tag","embeddable":true,"href":"https:\/\/bytingshop.se\/index.php?rest_route=%2Fwp%2Fv2%2Fproduct_tag&post=1712"}],"curies":[{"name":"wp","href":"https:\/\/api.w.org\/{rel}","templated":true}]}}