{"id":1900,"date":"2021-05-13T18:27:38","date_gmt":"2021-05-13T16:27:38","guid":{"rendered":"http:\/\/bytingshop.se\/?post_type=product&#038;p=1900"},"modified":"2023-10-04T10:23:31","modified_gmt":"2023-10-04T08:23:31","slug":"overall-karran-turkos","status":"publish","type":"product","link":"https:\/\/bytingshop.se\/?product=overall-karran-turkos","title":{"rendered":"Overall, K\u00e4rran turkos"},"content":{"rendered":"<p>Babyoverall i trik\u00e5 med mudd i ben- och \u00e4rmslut. Tryckknappar i halsringning och i grenen.<\/p>\n<p>95% bomull, 5% lycra. Tv\u00e4ttas i 40 grader.<\/p>\n<p>Mina tyger kommer fr\u00e5n finska m\u00e4rket Paapii, alla tyger \u00e4r tv\u00e4ttade och f\u00e4rdigkrympta.<br \/>\nDe flesta modeller g\u00e5r att f\u00e5 i alla tyger, vid f\u00f6rfr\u00e5gan maila ingrid.byting@gmail.com<br \/>\nObservera att kl\u00e4derna sys upp p\u00e5 best\u00e4llning varp\u00e5 leveranstiden \u00e4r 2 veckor!<\/p>\n","protected":false},"excerpt":{"rendered":"<p>Babyoverall i trik\u00e5 med mudd i ben- och \u00e4rmslut. Tryckknappar i halsringning och i grenen. 95% bomull, 5% lycra. Tv\u00e4ttas i 40 grader. Mina tyger kommer fr\u00e5n finska m\u00e4rket Paapii, alla tyger \u00e4r tv\u00e4ttade och f\u00e4rdigkrympta. De flesta modeller g\u00e5r att f\u00e5 i alla tyger, vid f\u00f6rfr\u00e5gan maila ingrid.byting@gmail.com Observera att kl\u00e4derna sys upp p\u00e5 [&hellip;]<\/p>\n","protected":false},"featured_media":1754,"comment_status":"closed","ping_status":"closed","template":"","meta":[],"product_brand":[],"product_cat":[10,15],"product_tag":[],"class_list":{"0":"post-1900","1":"product","2":"type-product","3":"status-publish","4":"has-post-thumbnail","6":"product_cat-barnklader","7":"product_cat-overaller","8":"pa_storlek-5662-cl","9":"pa_storlek-6874-cl","10":"pa_storlek-8086-cl","12":"first","13":"instock","14":"shipping-taxable","15":"purchasable","16":"product-type-variable"},"jetpack_sharing_enabled":true,"_links":{"self":[{"href":"https:\/\/bytingshop.se\/index.php?rest_route=\/wp\/v2\/product\/1900","targetHints":{"allow":["GET"]}}],"collection":[{"href":"https:\/\/bytingshop.se\/index.php?rest_route=\/wp\/v2\/product"}],"about":[{"href":"https:\/\/bytingshop.se\/index.php?rest_route=\/wp\/v2\/types\/product"}],"replies":[{"embeddable":true,"href":"https:\/\/bytingshop.se\/index.php?rest_route=%2Fwp%2Fv2%2Fcomments&post=1900"}],"wp:featuredmedia":[{"embeddable":true,"href":"https:\/\/bytingshop.se\/index.php?rest_route=\/wp\/v2\/media\/1754"}],"wp:attachment":[{"href":"https:\/\/bytingshop.se\/index.php?rest_route=%2Fwp%2Fv2%2Fmedia&parent=1900"}],"wp:term":[{"taxonomy":"product_brand","embeddable":true,"href":"https:\/\/bytingshop.se\/index.php?rest_route=%2Fwp%2Fv2%2Fproduct_brand&post=1900"},{"taxonomy":"product_cat","embeddable":true,"href":"https:\/\/bytingshop.se\/index.php?rest_route=%2Fwp%2Fv2%2Fproduct_cat&post=1900"},{"taxonomy":"product_tag","embeddable":true,"href":"https:\/\/bytingshop.se\/index.php?rest_route=%2Fwp%2Fv2%2Fproduct_tag&post=1900"}],"curies":[{"name":"wp","href":"https:\/\/api.w.org\/{rel}","templated":true}]}}