{"id":2393,"date":"2022-04-06T10:53:26","date_gmt":"2022-04-06T08:53:26","guid":{"rendered":"http:\/\/bytingshop.se\/?post_type=product&#038;p=2393"},"modified":"2023-10-04T09:02:39","modified_gmt":"2023-10-04T07:02:39","slug":"hoodie-sesse-rosa","status":"publish","type":"product","link":"https:\/\/bytingshop.se\/?product=hoodie-sesse-rosa","title":{"rendered":"Hoodie, Sesse rosa"},"content":{"rendered":"<p>Hoodie i sweatshirt-kvalitet med enf\u00e4rgat tyg i huva och i \u00f6vre delen fram och bak. Ficka fram och snodd i huvan. Lite l\u00e4ngre bak \u00e4n fram.<\/p>\n<p>96% bomull, 4% Lycra. Tv\u00e4ttas i 40 grader.<\/p>\n<p>Mina tyger kommer fr\u00e5n finska m\u00e4rket Paapii, alla tyger \u00e4r tv\u00e4ttade och f\u00e4rdigkrympta.<br \/>\nDe flesta modeller g\u00e5r att f\u00e5 i alla tyger, vid f\u00f6rfr\u00e5gan maila ingrid.byting@gmail.com<br \/>\nObservera att kl\u00e4derna sys upp p\u00e5 best\u00e4llning varp\u00e5 leveranstiden \u00e4r 2 veckor!<\/p>\n","protected":false},"excerpt":{"rendered":"<p>Hoodie i sweatshirt-kvalitet med enf\u00e4rgat tyg i huva och i \u00f6vre delen fram och bak. Ficka fram och snodd i huvan. Lite l\u00e4ngre bak \u00e4n fram. 96% bomull, 4% Lycra. Tv\u00e4ttas i 40 grader. Mina tyger kommer fr\u00e5n finska m\u00e4rket Paapii, alla tyger \u00e4r tv\u00e4ttade och f\u00e4rdigkrympta. De flesta modeller g\u00e5r att f\u00e5 i alla [&hellip;]<\/p>\n","protected":false},"featured_media":2392,"comment_status":"closed","ping_status":"closed","template":"","meta":[],"product_brand":[],"product_cat":[10,94],"product_tag":[],"class_list":{"0":"post-2393","1":"product","2":"type-product","3":"status-publish","4":"has-post-thumbnail","6":"product_cat-barnklader","7":"product_cat-hoodies-cardigans","8":"pa_storlek-110-116-cl","9":"pa_storlek-122128-cl","10":"pa_storlek-98-104-cl","12":"first","13":"instock","14":"shipping-taxable","15":"purchasable","16":"product-type-variable"},"jetpack_sharing_enabled":true,"_links":{"self":[{"href":"https:\/\/bytingshop.se\/index.php?rest_route=\/wp\/v2\/product\/2393","targetHints":{"allow":["GET"]}}],"collection":[{"href":"https:\/\/bytingshop.se\/index.php?rest_route=\/wp\/v2\/product"}],"about":[{"href":"https:\/\/bytingshop.se\/index.php?rest_route=\/wp\/v2\/types\/product"}],"replies":[{"embeddable":true,"href":"https:\/\/bytingshop.se\/index.php?rest_route=%2Fwp%2Fv2%2Fcomments&post=2393"}],"wp:featuredmedia":[{"embeddable":true,"href":"https:\/\/bytingshop.se\/index.php?rest_route=\/wp\/v2\/media\/2392"}],"wp:attachment":[{"href":"https:\/\/bytingshop.se\/index.php?rest_route=%2Fwp%2Fv2%2Fmedia&parent=2393"}],"wp:term":[{"taxonomy":"product_brand","embeddable":true,"href":"https:\/\/bytingshop.se\/index.php?rest_route=%2Fwp%2Fv2%2Fproduct_brand&post=2393"},{"taxonomy":"product_cat","embeddable":true,"href":"https:\/\/bytingshop.se\/index.php?rest_route=%2Fwp%2Fv2%2Fproduct_cat&post=2393"},{"taxonomy":"product_tag","embeddable":true,"href":"https:\/\/bytingshop.se\/index.php?rest_route=%2Fwp%2Fv2%2Fproduct_tag&post=2393"}],"curies":[{"name":"wp","href":"https:\/\/api.w.org\/{rel}","templated":true}]}}