{"id":2477,"date":"2022-09-19T11:18:21","date_gmt":"2022-09-19T09:18:21","guid":{"rendered":"https:\/\/bytingshop.se\/?post_type=product&#038;p=2477"},"modified":"2023-10-04T08:58:01","modified_gmt":"2023-10-04T06:58:01","slug":"byxa-cykel","status":"publish","type":"product","link":"https:\/\/bytingshop.se\/?product=byxa-cykel","title":{"rendered":"Byxa, Cykel"},"content":{"rendered":"<p>Byxa i sweatshirt-kvalitet som g\u00e5r perfekt att kombinera med andra plagg! Mjuk, bred muddres\u00e5r i midjan, mudd i benslut. <\/p>\n<p>96% bomull, 4% lycra. Tv\u00e4ttas i 40 grader.<\/p>\n<p>Mina tyger kommer fr\u00e5n finska m\u00e4rket Paapii, alla tyger \u00e4r tv\u00e4ttade och f\u00e4rdigkrympta.<br \/>\nDe flesta modeller g\u00e5r att f\u00e5 i alla tyger, vid f\u00f6rfr\u00e5gan maila ingrid.byting@gmail.com<br \/>\nObservera att kl\u00e4derna sys upp p\u00e5 best\u00e4llning varp\u00e5 leveranstiden \u00e4r 2 veckor!<\/p>\n","protected":false},"excerpt":{"rendered":"<p>Byxa i sweatshirt-kvalitet som g\u00e5r perfekt att kombinera med andra plagg! Mjuk, bred muddres\u00e5r i midjan, mudd i benslut. 96% bomull, 4% lycra. Tv\u00e4ttas i 40 grader. Mina tyger kommer fr\u00e5n finska m\u00e4rket Paapii, alla tyger \u00e4r tv\u00e4ttade och f\u00e4rdigkrympta. De flesta modeller g\u00e5r att f\u00e5 i alla tyger, vid f\u00f6rfr\u00e5gan maila ingrid.byting@gmail.com Observera att [&hellip;]<\/p>\n","protected":false},"featured_media":2419,"comment_status":"closed","ping_status":"closed","template":"","meta":[],"product_brand":[],"product_cat":[10,90],"product_tag":[],"class_list":{"0":"post-2477","1":"product","2":"type-product","3":"status-publish","4":"has-post-thumbnail","6":"product_cat-barnklader","7":"product_cat-byxor","8":"pa_storlek-74-80-cl","9":"pa_storlek-86-92-cl","10":"pa_storlek-98-104-cl","12":"first","13":"instock","14":"shipping-taxable","15":"purchasable","16":"product-type-variable"},"jetpack_sharing_enabled":true,"_links":{"self":[{"href":"https:\/\/bytingshop.se\/index.php?rest_route=\/wp\/v2\/product\/2477","targetHints":{"allow":["GET"]}}],"collection":[{"href":"https:\/\/bytingshop.se\/index.php?rest_route=\/wp\/v2\/product"}],"about":[{"href":"https:\/\/bytingshop.se\/index.php?rest_route=\/wp\/v2\/types\/product"}],"replies":[{"embeddable":true,"href":"https:\/\/bytingshop.se\/index.php?rest_route=%2Fwp%2Fv2%2Fcomments&post=2477"}],"wp:featuredmedia":[{"embeddable":true,"href":"https:\/\/bytingshop.se\/index.php?rest_route=\/wp\/v2\/media\/2419"}],"wp:attachment":[{"href":"https:\/\/bytingshop.se\/index.php?rest_route=%2Fwp%2Fv2%2Fmedia&parent=2477"}],"wp:term":[{"taxonomy":"product_brand","embeddable":true,"href":"https:\/\/bytingshop.se\/index.php?rest_route=%2Fwp%2Fv2%2Fproduct_brand&post=2477"},{"taxonomy":"product_cat","embeddable":true,"href":"https:\/\/bytingshop.se\/index.php?rest_route=%2Fwp%2Fv2%2Fproduct_cat&post=2477"},{"taxonomy":"product_tag","embeddable":true,"href":"https:\/\/bytingshop.se\/index.php?rest_route=%2Fwp%2Fv2%2Fproduct_tag&post=2477"}],"curies":[{"name":"wp","href":"https:\/\/api.w.org\/{rel}","templated":true}]}}