{"id":2505,"date":"2022-09-19T13:35:11","date_gmt":"2022-09-19T11:35:11","guid":{"rendered":"https:\/\/bytingshop.se\/?post_type=product&#038;p=2505"},"modified":"2023-10-04T10:25:53","modified_gmt":"2023-10-04T08:25:53","slug":"klanning-siiri-gul","status":"publish","type":"product","link":"https:\/\/bytingshop.se\/?product=klanning-siiri-gul","title":{"rendered":"Kl\u00e4nning, Siiri gul"},"content":{"rendered":"<p>Kl\u00e4nning i trik\u00e5 med infodring i hals och \u00e4rmringning. Tryckknappar bak ner till kjoldelen.<\/p>\n<p>95% bomull, 5% lycra. Tv\u00e4ttas i 40 grader.<\/p>\n<p>Mina tyger kommer fr\u00e5n finska m\u00e4rket Paapii, alla tyger \u00e4r tv\u00e4ttade och f\u00e4rdigkrympta.<br \/>\nDe flesta modeller g\u00e5r att f\u00e5 i alla tyger, vid f\u00f6rfr\u00e5gan maila ingrid.byting@gmail.com<br \/>\nObservera att kl\u00e4derna sys upp p\u00e5 best\u00e4llning varp\u00e5 leveranstiden \u00e4r 2 veckor!<\/p>\n","protected":false},"excerpt":{"rendered":"<p>Kl\u00e4nning i trik\u00e5 med infodring i hals och \u00e4rmringning. Tryckknappar bak ner till kjoldelen. 95% bomull, 5% lycra. Tv\u00e4ttas i 40 grader. Mina tyger kommer fr\u00e5n finska m\u00e4rket Paapii, alla tyger \u00e4r tv\u00e4ttade och f\u00e4rdigkrympta. De flesta modeller g\u00e5r att f\u00e5 i alla tyger, vid f\u00f6rfr\u00e5gan maila ingrid.byting@gmail.com Observera att kl\u00e4derna sys upp p\u00e5 best\u00e4llning [&hellip;]<\/p>\n","protected":false},"featured_media":2496,"comment_status":"closed","ping_status":"closed","template":"","meta":[],"product_brand":[],"product_cat":[10,14],"product_tag":[],"class_list":{"0":"post-2505","1":"product","2":"type-product","3":"status-publish","4":"has-post-thumbnail","6":"product_cat-barnklader","7":"product_cat-klanningar","8":"pa_storlek-74-80-cl","9":"pa_storlek-86-92-cl","10":"pa_storlek-98-104-cl","12":"first","13":"instock","14":"shipping-taxable","15":"purchasable","16":"product-type-variable"},"jetpack_sharing_enabled":true,"_links":{"self":[{"href":"https:\/\/bytingshop.se\/index.php?rest_route=\/wp\/v2\/product\/2505","targetHints":{"allow":["GET"]}}],"collection":[{"href":"https:\/\/bytingshop.se\/index.php?rest_route=\/wp\/v2\/product"}],"about":[{"href":"https:\/\/bytingshop.se\/index.php?rest_route=\/wp\/v2\/types\/product"}],"replies":[{"embeddable":true,"href":"https:\/\/bytingshop.se\/index.php?rest_route=%2Fwp%2Fv2%2Fcomments&post=2505"}],"wp:featuredmedia":[{"embeddable":true,"href":"https:\/\/bytingshop.se\/index.php?rest_route=\/wp\/v2\/media\/2496"}],"wp:attachment":[{"href":"https:\/\/bytingshop.se\/index.php?rest_route=%2Fwp%2Fv2%2Fmedia&parent=2505"}],"wp:term":[{"taxonomy":"product_brand","embeddable":true,"href":"https:\/\/bytingshop.se\/index.php?rest_route=%2Fwp%2Fv2%2Fproduct_brand&post=2505"},{"taxonomy":"product_cat","embeddable":true,"href":"https:\/\/bytingshop.se\/index.php?rest_route=%2Fwp%2Fv2%2Fproduct_cat&post=2505"},{"taxonomy":"product_tag","embeddable":true,"href":"https:\/\/bytingshop.se\/index.php?rest_route=%2Fwp%2Fv2%2Fproduct_tag&post=2505"}],"curies":[{"name":"wp","href":"https:\/\/api.w.org\/{rel}","templated":true}]}}