{"id":2605,"date":"2023-10-02T09:10:50","date_gmt":"2023-10-02T07:10:50","guid":{"rendered":"https:\/\/bytingshop.se\/?post_type=product&#038;p=2605"},"modified":"2025-02-10T11:22:22","modified_gmt":"2025-02-10T09:22:22","slug":"ljusrosa-15","status":"publish","type":"product","link":"https:\/\/bytingshop.se\/?product=ljusrosa-15","title":{"rendered":"Ljusrosa 15"},"content":{"rendered":"<p>Rauma Fivel \u00e4r ett 2-tr\u00e5digt ullgarn (100% norsk ull) som \u00e4r lite l\u00f6sare spunnet och d\u00e4rmed ger luftiga, l\u00e4tta plagg. Det har en fin maskdefinition, och passar bra till fl\u00e4tor och strukturer. Fivel \u00e4r det mjukaste ullgarnet fr\u00e5n Rauma, och efter tv\u00e4tt blir det \u00e4nnu mjukare.<\/p>\n<p>Ett nystan v\u00e4ger 50 gram (100 meter). Stickor 4-5. Handtv\u00e4ttas svalt.<\/p>\n<p>&nbsp;<\/p>\n","protected":false},"excerpt":{"rendered":"<p>Rauma Fivel \u00e4r ett 2-tr\u00e5digt ullgarn (100% norsk ull) som \u00e4r lite l\u00f6sare spunnet och d\u00e4rmed ger luftiga, l\u00e4tta plagg. Det har en fin maskdefinition, och passar bra till fl\u00e4tor och strukturer. Fivel \u00e4r det mjukaste ullgarnet fr\u00e5n Rauma, och efter tv\u00e4tt blir det \u00e4nnu mjukare. Ett nystan v\u00e4ger 50 gram (100 meter). Stickor 4-5. [&hellip;]<\/p>\n","protected":false},"featured_media":2606,"comment_status":"closed","ping_status":"closed","template":"","meta":[],"product_brand":[],"product_cat":[95],"product_tag":[],"class_list":{"0":"post-2605","1":"product","2":"type-product","3":"status-publish","4":"has-post-thumbnail","6":"product_cat-rauma-fivel","8":"first","9":"instock","10":"shipping-taxable","11":"purchasable","12":"product-type-simple"},"jetpack_sharing_enabled":true,"_links":{"self":[{"href":"https:\/\/bytingshop.se\/index.php?rest_route=\/wp\/v2\/product\/2605","targetHints":{"allow":["GET"]}}],"collection":[{"href":"https:\/\/bytingshop.se\/index.php?rest_route=\/wp\/v2\/product"}],"about":[{"href":"https:\/\/bytingshop.se\/index.php?rest_route=\/wp\/v2\/types\/product"}],"replies":[{"embeddable":true,"href":"https:\/\/bytingshop.se\/index.php?rest_route=%2Fwp%2Fv2%2Fcomments&post=2605"}],"wp:featuredmedia":[{"embeddable":true,"href":"https:\/\/bytingshop.se\/index.php?rest_route=\/wp\/v2\/media\/2606"}],"wp:attachment":[{"href":"https:\/\/bytingshop.se\/index.php?rest_route=%2Fwp%2Fv2%2Fmedia&parent=2605"}],"wp:term":[{"taxonomy":"product_brand","embeddable":true,"href":"https:\/\/bytingshop.se\/index.php?rest_route=%2Fwp%2Fv2%2Fproduct_brand&post=2605"},{"taxonomy":"product_cat","embeddable":true,"href":"https:\/\/bytingshop.se\/index.php?rest_route=%2Fwp%2Fv2%2Fproduct_cat&post=2605"},{"taxonomy":"product_tag","embeddable":true,"href":"https:\/\/bytingshop.se\/index.php?rest_route=%2Fwp%2Fv2%2Fproduct_tag&post=2605"}],"curies":[{"name":"wp","href":"https:\/\/api.w.org\/{rel}","templated":true}]}}